{"id":7113,"date":"2023-03-26T06:56:04","date_gmt":"2023-03-26T10:56:04","guid":{"rendered":"https:\/\/www.furkancat.com\/psikolojik-pazar-arastirmasi\/"},"modified":"2023-09-03T13:23:14","modified_gmt":"2023-09-03T17:23:14","slug":"psikolojik-pazar-arastirmasi","status":"publish","type":"page","link":"https:\/\/www.furkancat.com\/tr\/hizmetler\/psikolojik-pazar-arastirmasi\/","title":{"rendered":"Psikolojik Pazar Ara\u015ft\u0131rmas\u0131"},"content":{"rendered":"\t\t<div data-elementor-type=\"wp-page\" data-elementor-id=\"7113\" class=\"elementor elementor-7113 elementor-6082\" data-elementor-post-type=\"page\">\n\t\t\t\t\t\t<section class=\"elementor-section elementor-top-section elementor-element elementor-element-1dcf0302 elementor-section-boxed elementor-section-height-default elementor-section-height-default\" data-id=\"1dcf0302\" data-element_type=\"section\" data-e-type=\"section\">\n\t\t\t\t\t\t<div class=\"elementor-container elementor-column-gap-default\">\n\t\t\t\t\t<div class=\"elementor-column elementor-col-100 elementor-top-column elementor-element elementor-element-6f88eb88\" data-id=\"6f88eb88\" data-element_type=\"column\" data-e-type=\"column\">\n\t\t\t<div class=\"elementor-widget-wrap elementor-element-populated\">\n\t\t\t\t\t\t<div class=\"elementor-element elementor-element-55b4b262 elementor-widget elementor-widget-text-editor\" data-id=\"55b4b262\" data-element_type=\"widget\" data-e-type=\"widget\" data-widget_type=\"text-editor.default\">\n\t\t\t\t<div class=\"elementor-widget-container\">\n\t\t\t\t\t\t\t\t\t\n<p>Psikolojik pazar ara\u015ft\u0131rmas\u0131, t\u00fcketicilerin \u00fcr\u00fcn veya hizmetleri de\u011ferlendirirken ge\u00e7irdikleri karma\u015f\u0131k karar verme s\u00fcre\u00e7lerini anlamak i\u00e7in \u00f6nemli bir ara\u00e7t\u0131r. Bu ara\u015ft\u0131rma t\u00fcr\u00fc, t\u00fcketicilerin motivasyonlar\u0131, tutumlar\u0131 ve davran\u0131\u015flar\u0131 hakk\u0131nda derinlemesine bir anlay\u0131\u015f kazanmak i\u00e7in genellikle derinlemesine g\u00f6r\u00fc\u015fmeler ve odak gruplar\u0131 gibi nitel ara\u015ft\u0131rma y\u00f6ntemlerini kullan\u0131r.<\/p>\n\n<p>Psikolojik morfolojiyi kullanarak ara\u015ft\u0131rmac\u0131lar, t\u00fcketicilerin sat\u0131n alma kararlar\u0131n\u0131 ve \u00fcr\u00fcn kullan\u0131m\u0131n\u0131 etkileyen altta yatan psikolojik ve duygusal fakt\u00f6rleri inceleyebilir. Bu yakla\u015f\u0131m, i\u015fletmelerin m\u00fc\u015fterilerini etkileyen temel fakt\u00f6rleri belirlemelerini ve etkili pazarlama stratejileri geli\u015ftirmek i\u00e7in bu i\u00e7g\u00f6r\u00fclerden yararlanmalar\u0131n\u0131 sa\u011flar.<\/p>\n\n<p>Nitel pazar ara\u015ft\u0131rmas\u0131 y\u00f6ntemleri de i\u015fletmelere hedef kitleleriyle nas\u0131l etkili ileti\u015fim kurabilecekleri konusunda de\u011ferli bilgiler sa\u011flayabilir. \u0130\u015fletmeler m\u00fc\u015fterilerinin dilini, de\u011ferlerini ve k\u00fclt\u00fcrel referanslar\u0131n\u0131 anlayarak mesajlar\u0131n\u0131 ve markalar\u0131n\u0131 hedef kitlelerinde daha g\u00fc\u00e7l\u00fc yank\u0131 uyand\u0131racak \u015fekilde uyarlayabilirler.<\/p>\n\n<p>Ayr\u0131ca, yeni \u00fcr\u00fcn veya hizmet f\u0131rsatlar\u0131n\u0131 belirlemek i\u00e7in psikolojik ve niteliksel pazar ara\u015ft\u0131rmas\u0131 kullan\u0131labilir.<\/p>\n\n<p>Genel olarak, psikolojik ve niteliksel pazar ara\u015ft\u0131rmas\u0131, i\u015fletmelerin etkili pazarlama stratejileri geli\u015ftirmelerine, marka imajlar\u0131n\u0131 g\u00fc\u00e7lendirmelerine ve b\u00fcy\u00fcme i\u00e7in yeni f\u0131rsatlar belirlemelerine yard\u0131mc\u0131 olabilecek de\u011ferli bilgiler sa\u011flayabilir.<\/p>\n\n<p>Deneyimli bir de\u011fi\u015fim y\u00f6neticisi ve marka alg\u0131s\u0131 uzman\u0131 olarak, markan\u0131z\u0131n t\u00fcketiciler taraf\u0131ndan daha bilin\u00e7li bir \u015fekilde alg\u0131lanmas\u0131n\u0131 ve g\u00fc\u00e7l\u00fc bir pazar konumu olu\u015fturman\u0131z\u0131 sa\u011flaman\u0131za yard\u0131mc\u0131 olmaktay\u0131m. Uzmanl\u0131\u011f\u0131m sayesinde, \u00f6zel ihtiya\u00e7lar\u0131n\u0131za ve hedeflerinize g\u00f6re uyarlanm\u0131\u015f s\u00fcrd\u00fcr\u00fclebilir bir pazarlama stratejisinden yararlanabilirsiniz. Marka konumland\u0131rma ve t\u00fcketici fark\u0131ndal\u0131\u011f\u0131na odaklanarak, rakiplerinizden s\u0131yr\u0131lman\u0131z\u0131 ve uzun vadeli ba\u015far\u0131 elde etmenizi sa\u011flayacak etkili pazarlama stratejileri geli\u015ftirmenize yard\u0131mc\u0131 oluyorum.<\/p>\n\t\t\t\t\t\t\t\t<\/div>\n\t\t\t\t<\/div>\n\t\t\t\t<div class=\"elementor-element elementor-element-c8e2f6f elementor-widget elementor-widget-image\" data-id=\"c8e2f6f\" data-element_type=\"widget\" data-e-type=\"widget\" data-widget_type=\"image.default\">\n\t\t\t\t<div class=\"elementor-widget-container\">\n\t\t\t\t\t\t\t\t\t\t\t\t\t\t\t<img fetchpriority=\"high\" decoding=\"async\" width=\"800\" height=\"335\" src=\"https:\/\/www.furkancat.com\/wp-content\/uploads\/2023\/03\/pexels-mark-arron-smith-2251798-800x335.jpg\" class=\"attachment-portfolio_item-thumbnail_cinema size-portfolio_item-thumbnail_cinema wp-image-6499\" alt=\"\" \/>\t\t\t\t\t\t\t\t\t\t\t\t\t\t\t<\/div>\n\t\t\t\t<\/div>\n\t\t\t\t\t<\/div>\n\t\t<\/div>\n\t\t\t\t\t<\/div>\n\t\t<\/section>\n\t\t\t\t<\/div>\n\t\t","protected":false},"excerpt":{"rendered":"<p>Psikolojik pazar ara\u015ft\u0131rmas\u0131, t\u00fcketicilerin \u00fcr\u00fcn veya hizmetleri de\u011ferlendirirken ge\u00e7irdikleri karma\u015f\u0131k karar verme s\u00fcre\u00e7lerini anlamak i\u00e7in \u00f6nemli bir ara\u00e7t\u0131r. Bu ara\u015ft\u0131rma t\u00fcr\u00fc, t\u00fcketicilerin motivasyonlar\u0131, tutumlar\u0131 ve davran\u0131\u015flar\u0131 hakk\u0131nda derinlemesine bir anlay\u0131\u015f kazanmak i\u00e7in genellikle derinlemesine g\u00f6r\u00fc\u015fmeler ve odak gruplar\u0131 gibi nitel ara\u015ft\u0131rma y\u00f6ntemlerini kullan\u0131r. Psikolojik morfolojiyi kullanarak ara\u015ft\u0131rmac\u0131lar, t\u00fcketicilerin sat\u0131n alma kararlar\u0131n\u0131 ve \u00fcr\u00fcn kullan\u0131m\u0131n\u0131 etkileyen altta yatan psikolojik ve duygusal fakt\u00f6rleri inceleyebilir. Bu yakla\u015f\u0131m, i\u015fletmelerin m\u00fc\u015fterilerini etkileyen temel fakt\u00f6rleri belirlemelerini ve etkili pazarlama stratejileri geli\u015ftirmek [&hellip;]<\/p>\n","protected":false},"author":1,"featured_media":0,"parent":7119,"menu_order":0,"comment_status":"closed","ping_status":"closed","template":"","meta":{"inspiro_page_layout":"narrow","inspiro_hide_title":false,"footnotes":""},"class_list":["post-7113","page","type-page","status-publish","hentry"],"_links":{"self":[{"href":"https:\/\/www.furkancat.com\/tr\/wp-json\/wp\/v2\/pages\/7113","targetHints":{"allow":["GET"]}}],"collection":[{"href":"https:\/\/www.furkancat.com\/tr\/wp-json\/wp\/v2\/pages"}],"about":[{"href":"https:\/\/www.furkancat.com\/tr\/wp-json\/wp\/v2\/types\/page"}],"author":[{"embeddable":true,"href":"https:\/\/www.furkancat.com\/tr\/wp-json\/wp\/v2\/users\/1"}],"replies":[{"embeddable":true,"href":"https:\/\/www.furkancat.com\/tr\/wp-json\/wp\/v2\/comments?post=7113"}],"version-history":[{"count":9,"href":"https:\/\/www.furkancat.com\/tr\/wp-json\/wp\/v2\/pages\/7113\/revisions"}],"predecessor-version":[{"id":7465,"href":"https:\/\/www.furkancat.com\/tr\/wp-json\/wp\/v2\/pages\/7113\/revisions\/7465"}],"up":[{"embeddable":true,"href":"https:\/\/www.furkancat.com\/tr\/wp-json\/wp\/v2\/pages\/7119"}],"wp:attachment":[{"href":"https:\/\/www.furkancat.com\/tr\/wp-json\/wp\/v2\/media?parent=7113"}],"curies":[{"name":"wp","href":"https:\/\/api.w.org\/{rel}","templated":true}]}}