{"id":7098,"date":"2023-03-26T06:39:53","date_gmt":"2023-03-26T10:39:53","guid":{"rendered":"https:\/\/www.furkancat.com\/pazarlama-danismanligi\/"},"modified":"2023-09-03T13:21:49","modified_gmt":"2023-09-03T17:21:49","slug":"pazarlama-danismanligi","status":"publish","type":"page","link":"https:\/\/www.furkancat.com\/tr\/hizmetler\/pazarlama-danismanligi\/","title":{"rendered":"Pazarlama Dan\u0131\u015fmanl\u0131\u011f\u0131"},"content":{"rendered":"\t\t<div data-elementor-type=\"wp-page\" data-elementor-id=\"7098\" class=\"elementor elementor-7098 elementor-6072\" data-elementor-post-type=\"page\">\n\t\t\t\t\t\t<section class=\"elementor-section elementor-top-section elementor-element elementor-element-744f2419 elementor-section-boxed elementor-section-height-default elementor-section-height-default\" data-id=\"744f2419\" data-element_type=\"section\" data-e-type=\"section\">\n\t\t\t\t\t\t<div class=\"elementor-container elementor-column-gap-default\">\n\t\t\t\t\t<div class=\"elementor-column elementor-col-100 elementor-top-column elementor-element elementor-element-7a1a0b0a\" data-id=\"7a1a0b0a\" data-element_type=\"column\" data-e-type=\"column\">\n\t\t\t<div class=\"elementor-widget-wrap elementor-element-populated\">\n\t\t\t\t\t\t<div class=\"elementor-element elementor-element-1e377af2 elementor-widget elementor-widget-text-editor\" data-id=\"1e377af2\" data-element_type=\"widget\" data-e-type=\"widget\" data-widget_type=\"text-editor.default\">\n\t\t\t\t<div class=\"elementor-widget-container\">\n\t\t\t\t\t\t\t\t\t\n<p>Bir d\u0131\u015f kaynak orta\u011f\u0131 olarak, yabanc\u0131 pazarlardaki eri\u015fiminizi geni\u015fletirken, sat\u0131\u015f s\u00fcre\u00e7lerinizi d\u00fczene sokman\u0131za ve h\u0131zland\u0131rman\u0131za yard\u0131mc\u0131 oluyorum. Sat\u0131\u015f ve pazarlama alan\u0131nda hedeflerinize ula\u015fman\u0131z i\u00e7in, uzun y\u0131llara dayanan zengin deneyimimden faydalanabilirsiniz.<\/p>\n\n<p>Hizmetlerim, \u00fcr\u00fcn veya hizmetlerinizi ilgili hedef pazarlarda pazarlamak i\u00e7in daha h\u0131zl\u0131 ve daha uygun maliyetli yollar bulmay\u0131 i\u00e7erir. En son trendler ve f\u0131rsatlardan her zaman haberdar olman\u0131z\u0131 sa\u011flamak i\u00e7in piyasadaki geli\u015fmeler hakk\u0131nda d\u00fczenli raporlar sunuyorum.<\/p>\n\n<p>G\u00fcvenilir orta\u011f\u0131n\u0131z olarak, kararl\u0131 bir \u015fekilde uluslararas\u0131 b\u00fcy\u00fcmenize katk\u0131da bulunuyorum. E\u011fitim, hizmet, sa\u011fl\u0131k, emlak, yat\u0131r\u0131m, in\u015faat, metal ve mobilya end\u00fcstrisi, kozmetik, m\u00fccevher, tekstil, turizm ve daha fazlas\u0131 dahil olmak \u00fczere \u00e7ok \u00e7e\u015fitli sekt\u00f6rlerde \u00e7al\u0131\u015fma deneyimim var.<\/p>\n\n<p>Sizin i\u015f sahan\u0131zdaki alanlarda, yurtd\u0131\u015f\u0131ndaki \u015firketlere ve potansiyel m\u00fc\u015fterilerinize kar\u015f\u0131, sizin d\u0131\u015f ticaret temsilciniz olarak hizmet veriyorum. Sizin ad\u0131n\u0131za pazar analizleri, yeni m\u00fc\u015fteri kazan\u0131m\u0131, m\u00fc\u015fteri portf\u00f6ylerinin olu\u015fturulmas\u0131, sat\u0131\u015f a\u011flar\u0131n\u0131n geli\u015ftirilmesi, imaj olu\u015fturma ve m\u00fc\u015fteri y\u00f6netimi de dahil olmak \u00fczere bir dizi faaliyet y\u00fcr\u00fct\u00fcyorum.<\/p>\n\n<p>Bu kapsaml\u0131 hizmetlerle, sat\u0131\u015f ve da\u011f\u0131t\u0131m s\u00fcre\u00e7lerinizi h\u0131zland\u0131rman\u0131za ve d\u0131\u015f pazarlardaki eri\u015fiminizi geni\u015fletmenize yard\u0131mc\u0131 oluyorum.<\/p>\n\t\t\t\t\t\t\t\t<\/div>\n\t\t\t\t<\/div>\n\t\t\t\t\t<\/div>\n\t\t<\/div>\n\t\t\t\t\t<\/div>\n\t\t<\/section>\n\t\t\t\t<section class=\"elementor-section elementor-top-section elementor-element elementor-element-6a01302 elementor-section-boxed elementor-section-height-default elementor-section-height-default\" data-id=\"6a01302\" data-element_type=\"section\" data-e-type=\"section\">\n\t\t\t\t\t\t<div class=\"elementor-container elementor-column-gap-default\">\n\t\t\t\t\t<div class=\"elementor-column elementor-col-100 elementor-top-column elementor-element elementor-element-84ca6b3\" data-id=\"84ca6b3\" data-element_type=\"column\" data-e-type=\"column\">\n\t\t\t<div class=\"elementor-widget-wrap elementor-element-populated\">\n\t\t\t\t\t\t<div class=\"elementor-element elementor-element-8f804fd elementor-widget elementor-widget-image\" data-id=\"8f804fd\" data-element_type=\"widget\" data-e-type=\"widget\" data-widget_type=\"image.default\">\n\t\t\t\t<div class=\"elementor-widget-container\">\n\t\t\t\t\t\t\t\t\t\t\t\t\t\t\t<img fetchpriority=\"high\" decoding=\"async\" width=\"768\" height=\"513\" src=\"https:\/\/www.furkancat.com\/wp-content\/uploads\/2023\/03\/pexels-fauxels-3183197-768x513.jpg\" class=\"attachment-medium_large size-medium_large wp-image-6492\" alt=\"\" srcset=\"https:\/\/www.furkancat.com\/wp-content\/uploads\/2023\/03\/pexels-fauxels-3183197-768x513.jpg 768w, https:\/\/www.furkancat.com\/wp-content\/uploads\/2023\/03\/pexels-fauxels-3183197-300x200.jpg 300w, https:\/\/www.furkancat.com\/wp-content\/uploads\/2023\/03\/pexels-fauxels-3183197-1024x683.jpg 1024w, https:\/\/www.furkancat.com\/wp-content\/uploads\/2023\/03\/pexels-fauxels-3183197-1536x1025.jpg 1536w, https:\/\/www.furkancat.com\/wp-content\/uploads\/2023\/03\/pexels-fauxels-3183197-2048x1367.jpg 2048w, https:\/\/www.furkancat.com\/wp-content\/uploads\/2023\/03\/pexels-fauxels-3183197-2000x1335.jpg 2000w, https:\/\/www.furkancat.com\/wp-content\/uploads\/2023\/03\/pexels-fauxels-3183197-1000x667.jpg 1000w, https:\/\/www.furkancat.com\/wp-content\/uploads\/2023\/03\/pexels-fauxels-3183197-1800x1201.jpg 1800w, https:\/\/www.furkancat.com\/wp-content\/uploads\/2023\/03\/pexels-fauxels-3183197-839x560.jpg 839w, https:\/\/www.furkancat.com\/wp-content\/uploads\/2023\/03\/pexels-fauxels-3183197-600x400.jpg 600w\" sizes=\"(max-width: 768px) 100vw, 768px\" \/>\t\t\t\t\t\t\t\t\t\t\t\t\t\t\t<\/div>\n\t\t\t\t<\/div>\n\t\t\t\t\t<\/div>\n\t\t<\/div>\n\t\t\t\t\t<\/div>\n\t\t<\/section>\n\t\t\t\t<\/div>\n\t\t","protected":false},"excerpt":{"rendered":"<p>Bir d\u0131\u015f kaynak orta\u011f\u0131 olarak, yabanc\u0131 pazarlardaki eri\u015fiminizi geni\u015fletirken, sat\u0131\u015f s\u00fcre\u00e7lerinizi d\u00fczene sokman\u0131za ve h\u0131zland\u0131rman\u0131za yard\u0131mc\u0131 oluyorum. Sat\u0131\u015f ve pazarlama alan\u0131nda hedeflerinize ula\u015fman\u0131z i\u00e7in, uzun y\u0131llara dayanan zengin deneyimimden faydalanabilirsiniz. Hizmetlerim, \u00fcr\u00fcn veya hizmetlerinizi ilgili hedef pazarlarda pazarlamak i\u00e7in daha h\u0131zl\u0131 ve daha uygun maliyetli yollar bulmay\u0131 i\u00e7erir. En son trendler ve f\u0131rsatlardan her zaman haberdar olman\u0131z\u0131 sa\u011flamak i\u00e7in piyasadaki geli\u015fmeler hakk\u0131nda d\u00fczenli raporlar sunuyorum. G\u00fcvenilir orta\u011f\u0131n\u0131z olarak, kararl\u0131 bir \u015fekilde uluslararas\u0131 b\u00fcy\u00fcmenize katk\u0131da bulunuyorum. [&hellip;]<\/p>\n","protected":false},"author":1,"featured_media":0,"parent":7119,"menu_order":0,"comment_status":"closed","ping_status":"closed","template":"","meta":{"inspiro_page_layout":"narrow","inspiro_hide_title":false,"footnotes":""},"class_list":["post-7098","page","type-page","status-publish","hentry"],"_links":{"self":[{"href":"https:\/\/www.furkancat.com\/tr\/wp-json\/wp\/v2\/pages\/7098","targetHints":{"allow":["GET"]}}],"collection":[{"href":"https:\/\/www.furkancat.com\/tr\/wp-json\/wp\/v2\/pages"}],"about":[{"href":"https:\/\/www.furkancat.com\/tr\/wp-json\/wp\/v2\/types\/page"}],"author":[{"embeddable":true,"href":"https:\/\/www.furkancat.com\/tr\/wp-json\/wp\/v2\/users\/1"}],"replies":[{"embeddable":true,"href":"https:\/\/www.furkancat.com\/tr\/wp-json\/wp\/v2\/comments?post=7098"}],"version-history":[{"count":10,"href":"https:\/\/www.furkancat.com\/tr\/wp-json\/wp\/v2\/pages\/7098\/revisions"}],"predecessor-version":[{"id":7463,"href":"https:\/\/www.furkancat.com\/tr\/wp-json\/wp\/v2\/pages\/7098\/revisions\/7463"}],"up":[{"embeddable":true,"href":"https:\/\/www.furkancat.com\/tr\/wp-json\/wp\/v2\/pages\/7119"}],"wp:attachment":[{"href":"https:\/\/www.furkancat.com\/tr\/wp-json\/wp\/v2\/media?parent=7098"}],"curies":[{"name":"wp","href":"https:\/\/api.w.org\/{rel}","templated":true}]}}