{"id":7087,"date":"2015-01-14T11:54:17","date_gmt":"2015-01-14T15:54:17","guid":{"rendered":"https:\/\/www.furkancat.com\/kariyer-koclugu\/"},"modified":"2023-09-03T13:20:05","modified_gmt":"2023-09-03T17:20:05","slug":"kariyer-koclugu","status":"publish","type":"page","link":"https:\/\/www.furkancat.com\/tr\/hizmetler\/kariyer-koclugu\/","title":{"rendered":"Kariyer Ko\u00e7lu\u011fu"},"content":{"rendered":"\t\t<div data-elementor-type=\"wp-page\" data-elementor-id=\"7087\" class=\"elementor elementor-7087 elementor-5889\" data-elementor-post-type=\"page\">\n\t\t\t\t\t\t<section class=\"elementor-section elementor-top-section elementor-element elementor-element-61fac665 elementor-section-boxed elementor-section-height-default elementor-section-height-default\" data-id=\"61fac665\" data-element_type=\"section\" data-e-type=\"section\">\n\t\t\t\t\t\t<div class=\"elementor-container elementor-column-gap-default\">\n\t\t\t\t\t<div class=\"elementor-column elementor-col-100 elementor-top-column elementor-element elementor-element-30ea3006\" data-id=\"30ea3006\" data-element_type=\"column\" data-e-type=\"column\">\n\t\t\t<div class=\"elementor-widget-wrap elementor-element-populated\">\n\t\t\t\t\t\t<div class=\"elementor-element elementor-element-3467e87d elementor-widget elementor-widget-text-editor\" data-id=\"3467e87d\" data-element_type=\"widget\" data-e-type=\"widget\" data-widget_type=\"text-editor.default\">\n\t\t\t\t<div class=\"elementor-widget-container\">\n\t\t\t\t\t\t\t\t\t<p>Deneyimli bir kariyer ko\u00e7u olarak, i\u015f ba\u015fvurusu yaparken kendinizi m\u00fcmk\u00fcn olan en iyi \u015fekilde sunman\u0131n \u00f6nemini anl\u0131yorum. Bu nedenle, potansiyel i\u015fverenlerde yank\u0131 uyand\u0131ran, ilgi \u00e7ekici ve etkili ba\u015fvuru belgeleri haz\u0131rlamak i\u00e7in m\u00fc\u015fterilerimle i\u015fbirli\u011fi i\u00e7inde \u00e7al\u0131\u015f\u0131yorum.<\/p>\n<p>\u00d6zge\u00e7mi\u015flerden niyet mektuplar\u0131na kadar, m\u00fc\u015fterilerin benzersiz becerilerini ve deneyimlerini vurgulayan ki\u015fiselle\u015ftirilmi\u015f ve anlaml\u0131 ba\u015fvuru evraklar\u0131 geli\u015ftirmelerine yard\u0131mc\u0131 oluyorum. Benim rehberli\u011fimle, g\u00fc\u00e7l\u00fc y\u00f6nlerinizi ve ba\u015far\u0131lar\u0131n\u0131z\u0131 i\u015fe al\u0131m uzmanlar\u0131n\u0131n ve i\u015fe al\u0131m y\u00f6neticilerinin dikkatini \u00e7ekecek \u015fekilde sergileyebileceksiniz.<\/p>\n<p>Ancak harika ba\u015fvuru belgeleri haz\u0131rlamak sadece ilk ad\u0131md\u0131r. Bu nedenle, herhangi bir i\u015f g\u00f6r\u00fc\u015fmesinde ba\u015far\u0131l\u0131 olman\u0131za yard\u0131mc\u0131 olmak i\u00e7in m\u00fclakata haz\u0131rl\u0131k seanslar\u0131 da sunuyorum. Birlikte, sizi rakiplerinizden ay\u0131racak \u015fekilde kendinizi ve niteliklerinizi g\u00fcvenle sunman\u0131za yard\u0131mc\u0131 olacak stratejiler \u00fczerinde \u00e7al\u0131\u015f\u0131yoruz.<\/p>\n<p>G\u00fcn\u00fcm\u00fcz i\u015f piyasas\u0131nda, kendinizi etkili bir \u015fekilde nas\u0131l pazarlayaca\u011f\u0131n\u0131z\u0131 bilmek her zamankinden daha \u00f6nemli. \u0130\u015fte bu noktada benim ki\u015fisel pazarlama stratejileri konusundaki uzmanl\u0131\u011f\u0131m devreye giriyor. M\u00fc\u015fterilerime, onlar\u0131 kalabal\u0131ktan ay\u0131ran ve heyecan verici yeni kariyer f\u0131rsatlar\u0131na kap\u0131 a\u00e7an g\u00fc\u00e7l\u00fc bir ki\u015fisel marka yaratmak i\u00e7in ihtiya\u00e7 duyduklar\u0131 bilgi ve becerileri sa\u011fl\u0131yorum.<\/p>\n\t\t\t\t\t\t\t\t<\/div>\n\t\t\t\t<\/div>\n\t\t\t\t\t<\/div>\n\t\t<\/div>\n\t\t\t\t\t<\/div>\n\t\t<\/section>\n\t\t\t\t<section class=\"elementor-section elementor-top-section elementor-element elementor-element-3f5a1c5 elementor-section-boxed elementor-section-height-default elementor-section-height-default\" data-id=\"3f5a1c5\" data-element_type=\"section\" data-e-type=\"section\">\n\t\t\t\t\t\t<div class=\"elementor-container elementor-column-gap-default\">\n\t\t\t\t\t<div class=\"elementor-column elementor-col-33 elementor-top-column elementor-element elementor-element-0f31c6e\" data-id=\"0f31c6e\" data-element_type=\"column\" data-e-type=\"column\">\n\t\t\t<div class=\"elementor-widget-wrap elementor-element-populated\">\n\t\t\t\t\t\t<div class=\"elementor-element elementor-element-a8f246f elementor-widget elementor-widget-heading\" data-id=\"a8f246f\" data-element_type=\"widget\" data-e-type=\"widget\" data-widget_type=\"heading.default\">\n\t\t\t\t<div class=\"elementor-widget-container\">\n\t\t\t\t\t<h2 class=\"elementor-heading-title elementor-size-large\">Planlama<\/h2>\t\t\t\t<\/div>\n\t\t\t\t<\/div>\n\t\t\t\t\t<\/div>\n\t\t<\/div>\n\t\t\t\t<div class=\"elementor-column elementor-col-33 elementor-top-column elementor-element elementor-element-aa52505\" data-id=\"aa52505\" data-element_type=\"column\" data-e-type=\"column\">\n\t\t\t<div class=\"elementor-widget-wrap elementor-element-populated\">\n\t\t\t\t\t\t<div class=\"elementor-element elementor-element-e2e9ce2 elementor-widget elementor-widget-heading\" data-id=\"e2e9ce2\" data-element_type=\"widget\" data-e-type=\"widget\" data-widget_type=\"heading.default\">\n\t\t\t\t<div class=\"elementor-widget-container\">\n\t\t\t\t\t<h2 class=\"elementor-heading-title elementor-size-large\">Ger\u00e7ekle\u015ftirme<\/h2>\t\t\t\t<\/div>\n\t\t\t\t<\/div>\n\t\t\t\t\t<\/div>\n\t\t<\/div>\n\t\t\t\t<div class=\"elementor-column elementor-col-33 elementor-top-column elementor-element elementor-element-7d4bc9b\" data-id=\"7d4bc9b\" data-element_type=\"column\" data-e-type=\"column\">\n\t\t\t<div class=\"elementor-widget-wrap elementor-element-populated\">\n\t\t\t\t\t\t<div class=\"elementor-element elementor-element-36a5613 elementor-widget elementor-widget-heading\" data-id=\"36a5613\" data-element_type=\"widget\" data-e-type=\"widget\" data-widget_type=\"heading.default\">\n\t\t\t\t<div class=\"elementor-widget-container\">\n\t\t\t\t\t<h2 class=\"elementor-heading-title elementor-size-large\">Ba\u015far\u0131<\/h2>\t\t\t\t<\/div>\n\t\t\t\t<\/div>\n\t\t\t\t\t<\/div>\n\t\t<\/div>\n\t\t\t\t\t<\/div>\n\t\t<\/section>\n\t\t\t\t<section class=\"elementor-section elementor-top-section elementor-element elementor-element-1ce212c elementor-section-boxed elementor-section-height-default elementor-section-height-default\" data-id=\"1ce212c\" data-element_type=\"section\" data-e-type=\"section\">\n\t\t\t\t\t\t<div class=\"elementor-container elementor-column-gap-default\">\n\t\t\t\t\t<div class=\"elementor-column elementor-col-33 elementor-top-column elementor-element elementor-element-0dd900c\" data-id=\"0dd900c\" data-element_type=\"column\" data-e-type=\"column\">\n\t\t\t<div class=\"elementor-widget-wrap elementor-element-populated\">\n\t\t\t\t\t\t<div class=\"elementor-element elementor-element-89f2a17 elementor-widget elementor-widget-image\" data-id=\"89f2a17\" data-element_type=\"widget\" data-e-type=\"widget\" data-widget_type=\"image.default\">\n\t\t\t\t<div class=\"elementor-widget-container\">\n\t\t\t\t\t\t\t\t\t\t\t\t\t\t\t<img fetchpriority=\"high\" decoding=\"async\" width=\"930\" height=\"620\" src=\"https:\/\/www.furkancat.com\/wp-content\/uploads\/2023\/03\/pexels-kaboompics-com-6357-1024x683.jpg\" class=\"attachment-large size-large wp-image-6251\" alt=\"\" srcset=\"https:\/\/www.furkancat.com\/wp-content\/uploads\/2023\/03\/pexels-kaboompics-com-6357-1024x683.jpg 1024w, https:\/\/www.furkancat.com\/wp-content\/uploads\/2023\/03\/pexels-kaboompics-com-6357-300x200.jpg 300w, https:\/\/www.furkancat.com\/wp-content\/uploads\/2023\/03\/pexels-kaboompics-com-6357-768x512.jpg 768w, https:\/\/www.furkancat.com\/wp-content\/uploads\/2023\/03\/pexels-kaboompics-com-6357-1536x1024.jpg 1536w, https:\/\/www.furkancat.com\/wp-content\/uploads\/2023\/03\/pexels-kaboompics-com-6357-2048x1365.jpg 2048w, https:\/\/www.furkancat.com\/wp-content\/uploads\/2023\/03\/pexels-kaboompics-com-6357-2000x1333.jpg 2000w, https:\/\/www.furkancat.com\/wp-content\/uploads\/2023\/03\/pexels-kaboompics-com-6357-1000x667.jpg 1000w, https:\/\/www.furkancat.com\/wp-content\/uploads\/2023\/03\/pexels-kaboompics-com-6357-1800x1200.jpg 1800w, https:\/\/www.furkancat.com\/wp-content\/uploads\/2023\/03\/pexels-kaboompics-com-6357-840x560.jpg 840w, https:\/\/www.furkancat.com\/wp-content\/uploads\/2023\/03\/pexels-kaboompics-com-6357-600x400.jpg 600w\" sizes=\"(max-width: 930px) 100vw, 930px\" \/>\t\t\t\t\t\t\t\t\t\t\t\t\t\t\t<\/div>\n\t\t\t\t<\/div>\n\t\t\t\t\t<\/div>\n\t\t<\/div>\n\t\t\t\t<div class=\"elementor-column elementor-col-33 elementor-top-column elementor-element elementor-element-6605675\" data-id=\"6605675\" data-element_type=\"column\" data-e-type=\"column\">\n\t\t\t<div class=\"elementor-widget-wrap elementor-element-populated\">\n\t\t\t\t\t\t<div class=\"elementor-element elementor-element-0adaf5d elementor-widget elementor-widget-image\" data-id=\"0adaf5d\" data-element_type=\"widget\" data-e-type=\"widget\" data-widget_type=\"image.default\">\n\t\t\t\t<div class=\"elementor-widget-container\">\n\t\t\t\t\t\t\t\t\t\t\t\t\t\t\t<img decoding=\"async\" width=\"930\" height=\"549\" src=\"https:\/\/www.furkancat.com\/wp-content\/uploads\/2023\/03\/pexels-startup-stock-photos-7103-1024x605.jpg\" class=\"attachment-large size-large wp-image-6249\" alt=\"\" srcset=\"https:\/\/www.furkancat.com\/wp-content\/uploads\/2023\/03\/pexels-startup-stock-photos-7103-1024x605.jpg 1024w, https:\/\/www.furkancat.com\/wp-content\/uploads\/2023\/03\/pexels-startup-stock-photos-7103-300x177.jpg 300w, https:\/\/www.furkancat.com\/wp-content\/uploads\/2023\/03\/pexels-startup-stock-photos-7103-768x454.jpg 768w, https:\/\/www.furkancat.com\/wp-content\/uploads\/2023\/03\/pexels-startup-stock-photos-7103-1536x908.jpg 1536w, https:\/\/www.furkancat.com\/wp-content\/uploads\/2023\/03\/pexels-startup-stock-photos-7103-2048x1211.jpg 2048w, https:\/\/www.furkancat.com\/wp-content\/uploads\/2023\/03\/pexels-startup-stock-photos-7103-2000x1182.jpg 2000w, https:\/\/www.furkancat.com\/wp-content\/uploads\/2023\/03\/pexels-startup-stock-photos-7103-1000x591.jpg 1000w, https:\/\/www.furkancat.com\/wp-content\/uploads\/2023\/03\/pexels-startup-stock-photos-7103-1800x1064.jpg 1800w, https:\/\/www.furkancat.com\/wp-content\/uploads\/2023\/03\/pexels-startup-stock-photos-7103-947x560.jpg 947w, https:\/\/www.furkancat.com\/wp-content\/uploads\/2023\/03\/pexels-startup-stock-photos-7103-600x355.jpg 600w\" sizes=\"(max-width: 930px) 100vw, 930px\" \/>\t\t\t\t\t\t\t\t\t\t\t\t\t\t\t<\/div>\n\t\t\t\t<\/div>\n\t\t\t\t\t<\/div>\n\t\t<\/div>\n\t\t\t\t<div class=\"elementor-column elementor-col-33 elementor-top-column elementor-element elementor-element-bbaf5d5\" data-id=\"bbaf5d5\" data-element_type=\"column\" data-e-type=\"column\">\n\t\t\t<div class=\"elementor-widget-wrap elementor-element-populated\">\n\t\t\t\t\t\t<div class=\"elementor-element elementor-element-782ff9b elementor-widget elementor-widget-image\" data-id=\"782ff9b\" data-element_type=\"widget\" data-e-type=\"widget\" data-widget_type=\"image.default\">\n\t\t\t\t<div class=\"elementor-widget-container\">\n\t\t\t\t\t\t\t\t\t\t\t\t\t\t\t<img decoding=\"async\" width=\"683\" height=\"1024\" src=\"https:\/\/www.furkancat.com\/wp-content\/uploads\/2023\/03\/pexels-andrea-piacquadio-3778212-683x1024.jpg\" class=\"attachment-large size-large wp-image-6250\" alt=\"\" srcset=\"https:\/\/www.furkancat.com\/wp-content\/uploads\/2023\/03\/pexels-andrea-piacquadio-3778212-683x1024.jpg 683w, https:\/\/www.furkancat.com\/wp-content\/uploads\/2023\/03\/pexels-andrea-piacquadio-3778212-200x300.jpg 200w, https:\/\/www.furkancat.com\/wp-content\/uploads\/2023\/03\/pexels-andrea-piacquadio-3778212-768x1152.jpg 768w, https:\/\/www.furkancat.com\/wp-content\/uploads\/2023\/03\/pexels-andrea-piacquadio-3778212-1024x1536.jpg 1024w, https:\/\/www.furkancat.com\/wp-content\/uploads\/2023\/03\/pexels-andrea-piacquadio-3778212-1365x2048.jpg 1365w, https:\/\/www.furkancat.com\/wp-content\/uploads\/2023\/03\/pexels-andrea-piacquadio-3778212-2000x3000.jpg 2000w, https:\/\/www.furkancat.com\/wp-content\/uploads\/2023\/03\/pexels-andrea-piacquadio-3778212-1000x1500.jpg 1000w, https:\/\/www.furkancat.com\/wp-content\/uploads\/2023\/03\/pexels-andrea-piacquadio-3778212-1800x2700.jpg 1800w, https:\/\/www.furkancat.com\/wp-content\/uploads\/2023\/03\/pexels-andrea-piacquadio-3778212-373x560.jpg 373w, https:\/\/www.furkancat.com\/wp-content\/uploads\/2023\/03\/pexels-andrea-piacquadio-3778212-600x900.jpg 600w, https:\/\/www.furkancat.com\/wp-content\/uploads\/2023\/03\/pexels-andrea-piacquadio-3778212-scaled.jpg 1707w\" sizes=\"(max-width: 683px) 100vw, 683px\" \/>\t\t\t\t\t\t\t\t\t\t\t\t\t\t\t<\/div>\n\t\t\t\t<\/div>\n\t\t\t\t\t<\/div>\n\t\t<\/div>\n\t\t\t\t\t<\/div>\n\t\t<\/section>\n\t\t\t\t<\/div>\n\t\t","protected":false},"excerpt":{"rendered":"<p>Deneyimli bir kariyer ko\u00e7u olarak, i\u015f ba\u015fvurusu yaparken kendinizi m\u00fcmk\u00fcn olan en iyi \u015fekilde sunman\u0131n \u00f6nemini anl\u0131yorum. Bu nedenle, potansiyel i\u015fverenlerde yank\u0131 uyand\u0131ran, ilgi \u00e7ekici ve etkili ba\u015fvuru belgeleri haz\u0131rlamak i\u00e7in m\u00fc\u015fterilerimle i\u015fbirli\u011fi i\u00e7inde \u00e7al\u0131\u015f\u0131yorum. \u00d6zge\u00e7mi\u015flerden niyet mektuplar\u0131na kadar, m\u00fc\u015fterilerin benzersiz becerilerini ve deneyimlerini vurgulayan ki\u015fiselle\u015ftirilmi\u015f ve anlaml\u0131 ba\u015fvuru evraklar\u0131 geli\u015ftirmelerine yard\u0131mc\u0131 oluyorum. Benim rehberli\u011fimle, g\u00fc\u00e7l\u00fc y\u00f6nlerinizi ve ba\u015far\u0131lar\u0131n\u0131z\u0131 i\u015fe al\u0131m uzmanlar\u0131n\u0131n ve i\u015fe al\u0131m y\u00f6neticilerinin dikkatini \u00e7ekecek \u015fekilde sergileyebileceksiniz. Ancak harika ba\u015fvuru belgeleri haz\u0131rlamak [&hellip;]<\/p>\n","protected":false},"author":1,"featured_media":0,"parent":7119,"menu_order":0,"comment_status":"closed","ping_status":"closed","template":"","meta":{"inspiro_page_layout":"narrow","inspiro_hide_title":false,"footnotes":""},"class_list":["post-7087","page","type-page","status-publish","hentry"],"_links":{"self":[{"href":"https:\/\/www.furkancat.com\/tr\/wp-json\/wp\/v2\/pages\/7087","targetHints":{"allow":["GET"]}}],"collection":[{"href":"https:\/\/www.furkancat.com\/tr\/wp-json\/wp\/v2\/pages"}],"about":[{"href":"https:\/\/www.furkancat.com\/tr\/wp-json\/wp\/v2\/types\/page"}],"author":[{"embeddable":true,"href":"https:\/\/www.furkancat.com\/tr\/wp-json\/wp\/v2\/users\/1"}],"replies":[{"embeddable":true,"href":"https:\/\/www.furkancat.com\/tr\/wp-json\/wp\/v2\/comments?post=7087"}],"version-history":[{"count":5,"href":"https:\/\/www.furkancat.com\/tr\/wp-json\/wp\/v2\/pages\/7087\/revisions"}],"predecessor-version":[{"id":7305,"href":"https:\/\/www.furkancat.com\/tr\/wp-json\/wp\/v2\/pages\/7087\/revisions\/7305"}],"up":[{"embeddable":true,"href":"https:\/\/www.furkancat.com\/tr\/wp-json\/wp\/v2\/pages\/7119"}],"wp:attachment":[{"href":"https:\/\/www.furkancat.com\/tr\/wp-json\/wp\/v2\/media?parent=7087"}],"curies":[{"name":"wp","href":"https:\/\/api.w.org\/{rel}","templated":true}]}}