{"id":7080,"date":"2015-01-14T11:47:07","date_gmt":"2015-01-14T15:47:07","guid":{"rendered":"https:\/\/www.furkancat.com\/sistemik-danismanlik\/"},"modified":"2023-09-03T13:24:50","modified_gmt":"2023-09-03T17:24:50","slug":"sistemik-danismanlik","status":"publish","type":"page","link":"https:\/\/www.furkancat.com\/tr\/hizmetler\/sistemik-danismanlik\/","title":{"rendered":"Sistemik Dan\u0131\u015fmanl\u0131k"},"content":{"rendered":"<p>Aile, her insan i\u00e7in temel davran\u0131\u015f kurallar\u0131n\u0131 ve ileti\u015fim kal\u0131plar\u0131n\u0131 \u00f6\u011frendi\u011fi ve ki\u015fili\u011fini geli\u015ftirdi\u011fi \u00f6nemli bir yerdir. S\u0131n\u0131r \u00e7izme, g\u00fc\u00e7, zorlama, duygusal dalgalanmalar, sorumluluk, \u00f6zerklik, \u00f6z yeterlilik veya aile i\u00e7indeki kendi rol\u00fcn\u00fczle ilgili zorluklar durumunda, sistemik dan\u0131\u015fmanl\u0131k bireysel bak\u0131\u015f a\u00e7\u0131lar\u0131n\u0131z\u0131n a\u00e7\u0131s\u0131n\u0131 geni\u015fletebilir.<\/p>\n<p>\u0130htiya\u00e7lar\u0131n\u0131za ba\u011fl\u0131 olarak, bireysel konular\u0131n\u0131za kendi \u00e7\u00f6z\u00fcm\u00fcn\u00fcz\u00fc bulman\u0131z i\u00e7in size rehberlik ediyorum. B\u00f6ylelikle, kaynak ve \u00e7\u00f6z\u00fcm odakl\u0131 dan\u0131\u015fmanl\u0131k sayesinde \u00f6zg\u00fcven kazan\u0131yorsunuz. D\u00fc\u015f\u00fcnce kal\u0131plar\u0131n\u0131z yeniden d\u00fczenlenir ve hareket alanlar\u0131n\u0131z\u0131 net bir \u015fekilde g\u00f6rebililrsiniz.<\/p>\n<p>\u015eimdiye kadar \u00e7ok say\u0131da insana ki\u015fisel ya\u015fam yollar\u0131nda e\u015flik ettim ve \u00f6zkaynaklar\u0131na eri\u015fmeleri, net bir d\u00fc\u015f\u00fcnce yap\u0131s\u0131 kazanmalar\u0131 ve yeniden canlanmalar\u0131 i\u00e7in onlar\u0131 g\u00fc\u00e7lendirdim.<\/p>\n\n\n<figure class=\"wp-block-image size-large\"><img fetchpriority=\"high\" decoding=\"async\" width=\"1024\" height=\"683\" src=\"https:\/\/www.furkancat.com\/wp-content\/uploads\/2023\/03\/iStock-1207928336-1024x683.jpg\" alt=\"\" class=\"wp-image-6233\" srcset=\"https:\/\/www.furkancat.com\/wp-content\/uploads\/2023\/03\/iStock-1207928336-1024x683.jpg 1024w, https:\/\/www.furkancat.com\/wp-content\/uploads\/2023\/03\/iStock-1207928336-300x200.jpg 300w, https:\/\/www.furkancat.com\/wp-content\/uploads\/2023\/03\/iStock-1207928336-768x512.jpg 768w, https:\/\/www.furkancat.com\/wp-content\/uploads\/2023\/03\/iStock-1207928336-1000x667.jpg 1000w, https:\/\/www.furkancat.com\/wp-content\/uploads\/2023\/03\/iStock-1207928336-840x560.jpg 840w, https:\/\/www.furkancat.com\/wp-content\/uploads\/2023\/03\/iStock-1207928336-600x400.jpg 600w, https:\/\/www.furkancat.com\/wp-content\/uploads\/2023\/03\/iStock-1207928336.jpg 1254w\" sizes=\"(max-width: 1024px) 100vw, 1024px\" \/><\/figure>\n","protected":false},"excerpt":{"rendered":"<p>Aile, her insan i\u00e7in temel davran\u0131\u015f kurallar\u0131n\u0131 ve ileti\u015fim kal\u0131plar\u0131n\u0131 \u00f6\u011frendi\u011fi ve ki\u015fili\u011fini geli\u015ftirdi\u011fi \u00f6nemli bir yerdir. S\u0131n\u0131r \u00e7izme, g\u00fc\u00e7, zorlama, duygusal dalgalanmalar, sorumluluk, \u00f6zerklik, \u00f6z yeterlilik veya aile i\u00e7indeki kendi rol\u00fcn\u00fczle ilgili zorluklar durumunda, sistemik dan\u0131\u015fmanl\u0131k bireysel bak\u0131\u015f a\u00e7\u0131lar\u0131n\u0131z\u0131n a\u00e7\u0131s\u0131n\u0131 geni\u015fletebilir. \u0130htiya\u00e7lar\u0131n\u0131za ba\u011fl\u0131 olarak, bireysel konular\u0131n\u0131za kendi \u00e7\u00f6z\u00fcm\u00fcn\u00fcz\u00fc bulman\u0131z i\u00e7in size rehberlik ediyorum. B\u00f6ylelikle, kaynak ve \u00e7\u00f6z\u00fcm odakl\u0131 dan\u0131\u015fmanl\u0131k sayesinde \u00f6zg\u00fcven kazan\u0131yorsunuz. D\u00fc\u015f\u00fcnce kal\u0131plar\u0131n\u0131z yeniden d\u00fczenlenir ve hareket alanlar\u0131n\u0131z\u0131 net bir \u015fekilde g\u00f6rebililrsiniz. \u015eimdiye [&hellip;]<\/p>\n","protected":false},"author":1,"featured_media":0,"parent":7119,"menu_order":0,"comment_status":"closed","ping_status":"closed","template":"","meta":{"inspiro_page_layout":"narrow","inspiro_hide_title":false,"footnotes":""},"class_list":["post-7080","page","type-page","status-publish","hentry"],"_links":{"self":[{"href":"https:\/\/www.furkancat.com\/tr\/wp-json\/wp\/v2\/pages\/7080","targetHints":{"allow":["GET"]}}],"collection":[{"href":"https:\/\/www.furkancat.com\/tr\/wp-json\/wp\/v2\/pages"}],"about":[{"href":"https:\/\/www.furkancat.com\/tr\/wp-json\/wp\/v2\/types\/page"}],"author":[{"embeddable":true,"href":"https:\/\/www.furkancat.com\/tr\/wp-json\/wp\/v2\/users\/1"}],"replies":[{"embeddable":true,"href":"https:\/\/www.furkancat.com\/tr\/wp-json\/wp\/v2\/comments?post=7080"}],"version-history":[{"count":4,"href":"https:\/\/www.furkancat.com\/tr\/wp-json\/wp\/v2\/pages\/7080\/revisions"}],"predecessor-version":[{"id":7245,"href":"https:\/\/www.furkancat.com\/tr\/wp-json\/wp\/v2\/pages\/7080\/revisions\/7245"}],"up":[{"embeddable":true,"href":"https:\/\/www.furkancat.com\/tr\/wp-json\/wp\/v2\/pages\/7119"}],"wp:attachment":[{"href":"https:\/\/www.furkancat.com\/tr\/wp-json\/wp\/v2\/media?parent=7080"}],"curies":[{"name":"wp","href":"https:\/\/api.w.org\/{rel}","templated":true}]}}