{"id":7100,"date":"2023-03-26T06:56:04","date_gmt":"2023-03-26T10:56:04","guid":{"rendered":"https:\/\/www.furkancat.com\/dienstleistungen\/psychologische-marktforschung\/"},"modified":"2023-09-03T13:22:43","modified_gmt":"2023-09-03T17:22:43","slug":"psychologische-marktforschung","status":"publish","type":"page","link":"https:\/\/www.furkancat.com\/de\/dienstleistungen\/psychologische-marktforschung\/","title":{"rendered":"Psychologische Marktforschung"},"content":{"rendered":"\t\t<div data-elementor-type=\"wp-page\" data-elementor-id=\"7100\" class=\"elementor elementor-7100 elementor-6082\" data-elementor-post-type=\"page\">\n\t\t\t\t\t\t<section class=\"elementor-section elementor-top-section elementor-element elementor-element-1dcf0302 elementor-section-boxed elementor-section-height-default elementor-section-height-default\" data-id=\"1dcf0302\" data-element_type=\"section\" data-e-type=\"section\">\n\t\t\t\t\t\t<div class=\"elementor-container elementor-column-gap-default\">\n\t\t\t\t\t<div class=\"elementor-column elementor-col-100 elementor-top-column elementor-element elementor-element-6f88eb88\" data-id=\"6f88eb88\" data-element_type=\"column\" data-e-type=\"column\">\n\t\t\t<div class=\"elementor-widget-wrap elementor-element-populated\">\n\t\t\t\t\t\t<div class=\"elementor-element elementor-element-55b4b262 elementor-widget elementor-widget-text-editor\" data-id=\"55b4b262\" data-element_type=\"widget\" data-e-type=\"widget\" data-widget_type=\"text-editor.default\">\n\t\t\t\t<div class=\"elementor-widget-container\">\n\t\t\t\t\t\t\t\t\t\n<p>Die psychologische Marktforschung ist ein wesentliches Instrument, um die komplexen Entscheidungsprozesse zu verstehen, die Verbraucher bei der Auswahl von Produkten oder Dienstleistungen durchlaufen. Bei dieser Art von Forschung werden h\u00e4ufig qualitative Forschungsmethoden wie Tiefeninterviews und Fokusgruppen eingesetzt, um ein tiefes Verst\u00e4ndnis der Motivationen, Einstellungen und Verhaltensweisen der Verbraucher zu gewinnen.<\/p>\n\n<p>Durch den Einsatz der psychologischen Morphologie k\u00f6nnen Forscher die zugrunde liegenden psychologischen und emotionalen Faktoren erforschen, die die Kaufentscheidungen und die Produktnutzung der Verbraucher beeinflussen. Dieser Ansatz erm\u00f6glicht es den Unternehmen, die wichtigsten Faktoren zu ermitteln, die ihre Kunden beeinflussen, und diese Erkenntnisse f\u00fcr die Entwicklung wirksamer Marketingstrategien zu nutzen.<\/p>\n\n<p>Qualitative Marktforschungsmethoden k\u00f6nnen Unternehmen auch wertvolle Informationen dar\u00fcber liefern, wie sie effektiv mit ihrer Zielgruppe kommunizieren k\u00f6nnen. Indem sie die Sprache, die Werte und die kulturellen Bez\u00fcge ihrer Kunden verstehen, k\u00f6nnen Unternehmen ihre Botschaften und ihr Branding so gestalten, dass sie bei ihrer Zielgruppe besser ankommen.<\/p>\n\n<p>Dar\u00fcber hinaus kann psychologische und qualitative Marktforschung eingesetzt werden, um neue Produkt- oder Dienstleistungsm\u00f6glichkeiten zu ermitteln.<\/p>\n\n<p>Insgesamt kann die psychologische und qualitative Marktforschung wertvolle Erkenntnisse liefern, die den Unternehmen helfen k\u00f6nnen, wirksame Marketingstrategien zu entwickeln, ihr Markenimage zu st\u00e4rken und neue Wachstumschancen zu erkennen.<\/p>\n\n<p>Als erfahrener Change Manager und Experte f\u00fcr Markenwahrnehmung helfe ich Ihnen dabei, dass Ihre Marke von den Verbrauchern bewusster wahrgenommen wird und Sie eine starke Marktposition aufbauen. Durch mein Fachwissen k\u00f6nnen Sie von einer nachhaltigen Marketingstrategie profitieren, die auf Ihre spezifischen Bed\u00fcrfnisse und Ziele zugeschnitten ist. Mit dem Schwerpunkt auf Markenpositionierung und Verbraucherbewusstsein helfe ich Ihnen, wirksame Marketingstrategien zu entwickeln, die es Ihnen erm\u00f6glichen, sich von Ihren Mitbewerbern abzuheben und langfristig erfolgreich zu sein.<\/p>\n\t\t\t\t\t\t\t\t<\/div>\n\t\t\t\t<\/div>\n\t\t\t\t<div class=\"elementor-element elementor-element-c8e2f6f elementor-widget elementor-widget-image\" data-id=\"c8e2f6f\" data-element_type=\"widget\" data-e-type=\"widget\" data-widget_type=\"image.default\">\n\t\t\t\t<div class=\"elementor-widget-container\">\n\t\t\t\t\t\t\t\t\t\t\t\t\t\t\t<img fetchpriority=\"high\" decoding=\"async\" width=\"800\" height=\"335\" src=\"https:\/\/www.furkancat.com\/wp-content\/uploads\/2023\/03\/pexels-mark-arron-smith-2251798-800x335.jpg\" class=\"attachment-portfolio_item-thumbnail_cinema size-portfolio_item-thumbnail_cinema wp-image-6499\" alt=\"\" \/>\t\t\t\t\t\t\t\t\t\t\t\t\t\t\t<\/div>\n\t\t\t\t<\/div>\n\t\t\t\t\t<\/div>\n\t\t<\/div>\n\t\t\t\t\t<\/div>\n\t\t<\/section>\n\t\t\t\t<\/div>\n\t\t","protected":false},"excerpt":{"rendered":"<p>Die psychologische Marktforschung ist ein wesentliches Instrument, um die komplexen Entscheidungsprozesse zu verstehen, die Verbraucher bei der Auswahl von Produkten oder Dienstleistungen durchlaufen. Bei dieser Art von Forschung werden h\u00e4ufig qualitative Forschungsmethoden wie Tiefeninterviews und Fokusgruppen eingesetzt, um ein tiefes Verst\u00e4ndnis der Motivationen, Einstellungen und Verhaltensweisen der Verbraucher zu gewinnen. Durch den Einsatz der psychologischen Morphologie k\u00f6nnen Forscher die zugrunde liegenden psychologischen und emotionalen Faktoren erforschen, die die Kaufentscheidungen und die Produktnutzung der Verbraucher beeinflussen. [&hellip;]<\/p>\n","protected":false},"author":1,"featured_media":0,"parent":7079,"menu_order":0,"comment_status":"closed","ping_status":"closed","template":"","meta":{"inspiro_page_layout":"narrow","inspiro_hide_title":false,"footnotes":""},"class_list":["post-7100","page","type-page","status-publish","hentry"],"_links":{"self":[{"href":"https:\/\/www.furkancat.com\/de\/wp-json\/wp\/v2\/pages\/7100","targetHints":{"allow":["GET"]}}],"collection":[{"href":"https:\/\/www.furkancat.com\/de\/wp-json\/wp\/v2\/pages"}],"about":[{"href":"https:\/\/www.furkancat.com\/de\/wp-json\/wp\/v2\/types\/page"}],"author":[{"embeddable":true,"href":"https:\/\/www.furkancat.com\/de\/wp-json\/wp\/v2\/users\/1"}],"replies":[{"embeddable":true,"href":"https:\/\/www.furkancat.com\/de\/wp-json\/wp\/v2\/comments?post=7100"}],"version-history":[{"count":5,"href":"https:\/\/www.furkancat.com\/de\/wp-json\/wp\/v2\/pages\/7100\/revisions"}],"predecessor-version":[{"id":7464,"href":"https:\/\/www.furkancat.com\/de\/wp-json\/wp\/v2\/pages\/7100\/revisions\/7464"}],"up":[{"embeddable":true,"href":"https:\/\/www.furkancat.com\/de\/wp-json\/wp\/v2\/pages\/7079"}],"wp:attachment":[{"href":"https:\/\/www.furkancat.com\/de\/wp-json\/wp\/v2\/media?parent=7100"}],"curies":[{"name":"wp","href":"https:\/\/api.w.org\/{rel}","templated":true}]}}