{"id":7094,"date":"2023-03-26T06:39:53","date_gmt":"2023-03-26T10:39:53","guid":{"rendered":"https:\/\/www.furkancat.com\/dienstleistungen\/marketing-beratung\/"},"modified":"2023-09-03T13:21:05","modified_gmt":"2023-09-03T17:21:05","slug":"marketing-beratung","status":"publish","type":"page","link":"https:\/\/www.furkancat.com\/de\/dienstleistungen\/marketing-beratung\/","title":{"rendered":"Marketingberatung"},"content":{"rendered":"\t\t<div data-elementor-type=\"wp-page\" data-elementor-id=\"7094\" class=\"elementor elementor-7094 elementor-6072\" data-elementor-post-type=\"page\">\n\t\t\t\t\t\t<section class=\"elementor-section elementor-top-section elementor-element elementor-element-744f2419 elementor-section-boxed elementor-section-height-default elementor-section-height-default\" data-id=\"744f2419\" data-element_type=\"section\" data-e-type=\"section\">\n\t\t\t\t\t\t<div class=\"elementor-container elementor-column-gap-default\">\n\t\t\t\t\t<div class=\"elementor-column elementor-col-100 elementor-top-column elementor-element elementor-element-7a1a0b0a\" data-id=\"7a1a0b0a\" data-element_type=\"column\" data-e-type=\"column\">\n\t\t\t<div class=\"elementor-widget-wrap elementor-element-populated\">\n\t\t\t\t\t\t<div class=\"elementor-element elementor-element-1e377af2 elementor-widget elementor-widget-text-editor\" data-id=\"1e377af2\" data-element_type=\"widget\" data-e-type=\"widget\" data-widget_type=\"text-editor.default\">\n\t\t\t\t<div class=\"elementor-widget-container\">\n\t\t\t\t\t\t\t\t\t\n<p>Als Outsourcing-Partner helfe ich Ihnen, Ihre Vertriebsprozesse zu rationalisieren und zu beschleunigen und gleichzeitig Ihre Reichweite auf ausl\u00e4ndischen M\u00e4rkten zu vergr\u00f6\u00dfern. Mit meiner langj\u00e4hrigen Erfahrung in den Bereichen Vertrieb und Marketing bringe ich eine F\u00fclle von Fachkenntnissen mit, die Ihnen helfen, Ihre Ziele zu erreichen.<\/p>\n\n<p>Zu meinen Dienstleistungen geh\u00f6rt es, schnellere und kosteng\u00fcnstigere Wege zu finden, um Ihre Produkte oder Dienstleistungen in den relevanten Zielm\u00e4rkten zu vermarkten. Ich berichte regelm\u00e4\u00dfig \u00fcber Marktentwicklungen, damit Sie immer \u00fcber die neuesten Trends und M\u00f6glichkeiten informiert sind.<\/p>\n\n<p>Als Ihr zuverl\u00e4ssiger Partner m\u00f6chte ich zu Ihrem grenz\u00fcberschreitenden Wachstum beitragen. Ich habe Erfahrung in einer Vielzahl von Branchen, darunter Bildung, Dienstleistungen, Gesundheit, Immobilien, Investitionen, Bauwesen, Metall- und M\u00f6belindustrie, Kosmetik, Schmuck, Textil, Tourismus und mehr.<\/p>\n\n<p>Ich fungiere als Ihr ausgelagerter Ansprechpartner im Ausland und vertrete Sie in den jeweiligen Interessengebieten. Ich f\u00fchre in Ihrem Auftrag eine Reihe von Aktivit\u00e4ten durch, darunter Marktanalysen, Neukundenakquise, Aufbau von Kundenportfolios, Entwicklung von Vertriebsnetzen, Imagepflege und Kundenmanagement.<\/p>\n\n<p>Mit diesen umfassenden Dienstleistungen kann ich Ihnen helfen, Ihre Verkaufs- und Vertriebsprozesse zu beschleunigen und gleichzeitig Ihre Reichweite auf ausl\u00e4ndischen M\u00e4rkten zu vergr\u00f6\u00dfern.<\/p>\n\t\t\t\t\t\t\t\t<\/div>\n\t\t\t\t<\/div>\n\t\t\t\t\t<\/div>\n\t\t<\/div>\n\t\t\t\t\t<\/div>\n\t\t<\/section>\n\t\t\t\t<section class=\"elementor-section elementor-top-section elementor-element elementor-element-6a01302 elementor-section-boxed elementor-section-height-default elementor-section-height-default\" data-id=\"6a01302\" data-element_type=\"section\" data-e-type=\"section\">\n\t\t\t\t\t\t<div class=\"elementor-container elementor-column-gap-default\">\n\t\t\t\t\t<div class=\"elementor-column elementor-col-100 elementor-top-column elementor-element elementor-element-84ca6b3\" data-id=\"84ca6b3\" data-element_type=\"column\" data-e-type=\"column\">\n\t\t\t<div class=\"elementor-widget-wrap elementor-element-populated\">\n\t\t\t\t\t\t<div class=\"elementor-element elementor-element-8f804fd elementor-widget elementor-widget-image\" data-id=\"8f804fd\" data-element_type=\"widget\" data-e-type=\"widget\" data-widget_type=\"image.default\">\n\t\t\t\t<div class=\"elementor-widget-container\">\n\t\t\t\t\t\t\t\t\t\t\t\t\t\t\t<img fetchpriority=\"high\" decoding=\"async\" width=\"768\" height=\"513\" src=\"https:\/\/www.furkancat.com\/wp-content\/uploads\/2023\/03\/pexels-fauxels-3183197-768x513.jpg\" class=\"attachment-medium_large size-medium_large wp-image-6492\" alt=\"\" srcset=\"https:\/\/www.furkancat.com\/wp-content\/uploads\/2023\/03\/pexels-fauxels-3183197-768x513.jpg 768w, https:\/\/www.furkancat.com\/wp-content\/uploads\/2023\/03\/pexels-fauxels-3183197-300x200.jpg 300w, https:\/\/www.furkancat.com\/wp-content\/uploads\/2023\/03\/pexels-fauxels-3183197-1024x683.jpg 1024w, https:\/\/www.furkancat.com\/wp-content\/uploads\/2023\/03\/pexels-fauxels-3183197-1536x1025.jpg 1536w, https:\/\/www.furkancat.com\/wp-content\/uploads\/2023\/03\/pexels-fauxels-3183197-2048x1367.jpg 2048w, https:\/\/www.furkancat.com\/wp-content\/uploads\/2023\/03\/pexels-fauxels-3183197-2000x1335.jpg 2000w, https:\/\/www.furkancat.com\/wp-content\/uploads\/2023\/03\/pexels-fauxels-3183197-1000x667.jpg 1000w, https:\/\/www.furkancat.com\/wp-content\/uploads\/2023\/03\/pexels-fauxels-3183197-1800x1201.jpg 1800w, https:\/\/www.furkancat.com\/wp-content\/uploads\/2023\/03\/pexels-fauxels-3183197-839x560.jpg 839w, https:\/\/www.furkancat.com\/wp-content\/uploads\/2023\/03\/pexels-fauxels-3183197-600x400.jpg 600w\" sizes=\"(max-width: 768px) 100vw, 768px\" \/>\t\t\t\t\t\t\t\t\t\t\t\t\t\t\t<\/div>\n\t\t\t\t<\/div>\n\t\t\t\t\t<\/div>\n\t\t<\/div>\n\t\t\t\t\t<\/div>\n\t\t<\/section>\n\t\t\t\t<\/div>\n\t\t","protected":false},"excerpt":{"rendered":"<p>Als Outsourcing-Partner helfe ich Ihnen, Ihre Vertriebsprozesse zu rationalisieren und zu beschleunigen und gleichzeitig Ihre Reichweite auf ausl\u00e4ndischen M\u00e4rkten zu vergr\u00f6\u00dfern. Mit meiner langj\u00e4hrigen Erfahrung in den Bereichen Vertrieb und Marketing bringe ich eine F\u00fclle von Fachkenntnissen mit, die Ihnen helfen, Ihre Ziele zu erreichen. Zu meinen Dienstleistungen geh\u00f6rt es, schnellere und kosteng\u00fcnstigere Wege zu finden, um Ihre Produkte oder Dienstleistungen in den relevanten Zielm\u00e4rkten zu vermarkten. Ich berichte regelm\u00e4\u00dfig \u00fcber Marktentwicklungen, damit Sie immer [&hellip;]<\/p>\n","protected":false},"author":1,"featured_media":0,"parent":7079,"menu_order":0,"comment_status":"closed","ping_status":"closed","template":"","meta":{"inspiro_page_layout":"narrow","inspiro_hide_title":false,"footnotes":""},"class_list":["post-7094","page","type-page","status-publish","hentry"],"_links":{"self":[{"href":"https:\/\/www.furkancat.com\/de\/wp-json\/wp\/v2\/pages\/7094","targetHints":{"allow":["GET"]}}],"collection":[{"href":"https:\/\/www.furkancat.com\/de\/wp-json\/wp\/v2\/pages"}],"about":[{"href":"https:\/\/www.furkancat.com\/de\/wp-json\/wp\/v2\/types\/page"}],"author":[{"embeddable":true,"href":"https:\/\/www.furkancat.com\/de\/wp-json\/wp\/v2\/users\/1"}],"replies":[{"embeddable":true,"href":"https:\/\/www.furkancat.com\/de\/wp-json\/wp\/v2\/comments?post=7094"}],"version-history":[{"count":8,"href":"https:\/\/www.furkancat.com\/de\/wp-json\/wp\/v2\/pages\/7094\/revisions"}],"predecessor-version":[{"id":7462,"href":"https:\/\/www.furkancat.com\/de\/wp-json\/wp\/v2\/pages\/7094\/revisions\/7462"}],"up":[{"embeddable":true,"href":"https:\/\/www.furkancat.com\/de\/wp-json\/wp\/v2\/pages\/7079"}],"wp:attachment":[{"href":"https:\/\/www.furkancat.com\/de\/wp-json\/wp\/v2\/media?parent=7094"}],"curies":[{"name":"wp","href":"https:\/\/api.w.org\/{rel}","templated":true}]}}