{"id":7077,"date":"2015-01-14T11:54:17","date_gmt":"2015-01-14T15:54:17","guid":{"rendered":"https:\/\/www.furkancat.com\/karriere-coaching\/"},"modified":"2023-09-03T13:19:12","modified_gmt":"2023-09-03T17:19:12","slug":"karriere-coaching","status":"publish","type":"page","link":"https:\/\/www.furkancat.com\/de\/dienstleistungen\/karriere-coaching\/","title":{"rendered":"Karriere-Coaching"},"content":{"rendered":"\t\t<div data-elementor-type=\"wp-page\" data-elementor-id=\"7077\" class=\"elementor elementor-7077 elementor-5889\" data-elementor-post-type=\"page\">\n\t\t\t\t\t\t<section class=\"elementor-section elementor-top-section elementor-element elementor-element-61fac665 elementor-section-boxed elementor-section-height-default elementor-section-height-default\" data-id=\"61fac665\" data-element_type=\"section\" data-e-type=\"section\">\n\t\t\t\t\t\t<div class=\"elementor-container elementor-column-gap-default\">\n\t\t\t\t\t<div class=\"elementor-column elementor-col-100 elementor-top-column elementor-element elementor-element-30ea3006\" data-id=\"30ea3006\" data-element_type=\"column\" data-e-type=\"column\">\n\t\t\t<div class=\"elementor-widget-wrap elementor-element-populated\">\n\t\t\t\t\t\t<div class=\"elementor-element elementor-element-3467e87d elementor-widget elementor-widget-text-editor\" data-id=\"3467e87d\" data-element_type=\"widget\" data-e-type=\"widget\" data-widget_type=\"text-editor.default\">\n\t\t\t\t<div class=\"elementor-widget-container\">\n\t\t\t\t\t\t\t\t\t<p>Als erfahrener Karrierecoach wei\u00df ich, wie wichtig es ist, sich bei Bewerbungen im bestm\u00f6glichen Licht zu pr\u00e4sentieren. Deshalb arbeite ich mit meinen Kunden zusammen, um \u00fcberzeugende und aussagekr\u00e4ftige Bewerbungsunterlagen zu erstellen, die bei potenziellen Arbeitgebern gut ankommen.<\/p>\n<p>Vom Lebenslauf bis zum Anschreiben helfe ich meinen Kunden, individuelle und aussagekr\u00e4ftige Bewerbungsunterlagen zu erstellen, die ihre einzigartigen F\u00e4higkeiten und Erfahrungen hervorheben. Mit meiner Hilfe k\u00f6nnen Sie Ihre St\u00e4rken und Leistungen so pr\u00e4sentieren, dass sie die Aufmerksamkeit von Personalverantwortlichen auf sich ziehen.<\/p>\n<p>Doch die Erstellung guter Bewerbungsunterlagen ist nur der erste Schritt. Deshalb biete ich auch Vorbereitungssitzungen f\u00fcr Vorstellungsgespr\u00e4che an, damit Sie in jedem Vorstellungsgespr\u00e4ch erfolgreich sein k\u00f6nnen. Gemeinsam erarbeiten wir Strategien, die Ihnen helfen, sich und Ihre Qualifikationen so zu pr\u00e4sentieren, dass Sie sich von Ihren Mitbewerbern abheben.<\/p>\n<p>Auf dem heutigen Arbeitsmarkt ist es wichtiger denn je, zu wissen, wie man sich effektiv vermarktet. Hier kommt mein Fachwissen \u00fcber Selbstvermarktungsstrategien ins Spiel. Ich vermittle meinen Kunden das Wissen und die F\u00e4higkeiten, die sie brauchen, um eine starke pers\u00f6nliche Marke zu schaffen, die sie von der Masse abhebt und ihnen neue Karrierechancen er\u00f6ffnet.<\/p>\n\t\t\t\t\t\t\t\t<\/div>\n\t\t\t\t<\/div>\n\t\t\t\t\t<\/div>\n\t\t<\/div>\n\t\t\t\t\t<\/div>\n\t\t<\/section>\n\t\t\t\t<section class=\"elementor-section elementor-top-section elementor-element elementor-element-3f5a1c5 elementor-section-boxed elementor-section-height-default elementor-section-height-default\" data-id=\"3f5a1c5\" data-element_type=\"section\" data-e-type=\"section\">\n\t\t\t\t\t\t<div class=\"elementor-container elementor-column-gap-default\">\n\t\t\t\t\t<div class=\"elementor-column elementor-col-33 elementor-top-column elementor-element elementor-element-0f31c6e\" data-id=\"0f31c6e\" data-element_type=\"column\" data-e-type=\"column\">\n\t\t\t<div class=\"elementor-widget-wrap elementor-element-populated\">\n\t\t\t\t\t\t<div class=\"elementor-element elementor-element-a8f246f elementor-widget elementor-widget-heading\" data-id=\"a8f246f\" data-element_type=\"widget\" data-e-type=\"widget\" data-widget_type=\"heading.default\">\n\t\t\t\t<div class=\"elementor-widget-container\">\n\t\t\t\t\t<h2 class=\"elementor-heading-title elementor-size-large\">Planung<\/h2>\t\t\t\t<\/div>\n\t\t\t\t<\/div>\n\t\t\t\t\t<\/div>\n\t\t<\/div>\n\t\t\t\t<div class=\"elementor-column elementor-col-33 elementor-top-column elementor-element elementor-element-aa52505\" data-id=\"aa52505\" data-element_type=\"column\" data-e-type=\"column\">\n\t\t\t<div class=\"elementor-widget-wrap elementor-element-populated\">\n\t\t\t\t\t\t<div class=\"elementor-element elementor-element-e2e9ce2 elementor-widget elementor-widget-heading\" data-id=\"e2e9ce2\" data-element_type=\"widget\" data-e-type=\"widget\" data-widget_type=\"heading.default\">\n\t\t\t\t<div class=\"elementor-widget-container\">\n\t\t\t\t\t<h2 class=\"elementor-heading-title elementor-size-large\">Verwirklichung<\/h2>\t\t\t\t<\/div>\n\t\t\t\t<\/div>\n\t\t\t\t\t<\/div>\n\t\t<\/div>\n\t\t\t\t<div class=\"elementor-column elementor-col-33 elementor-top-column elementor-element elementor-element-7d4bc9b\" data-id=\"7d4bc9b\" data-element_type=\"column\" data-e-type=\"column\">\n\t\t\t<div class=\"elementor-widget-wrap elementor-element-populated\">\n\t\t\t\t\t\t<div class=\"elementor-element elementor-element-36a5613 elementor-widget elementor-widget-heading\" data-id=\"36a5613\" data-element_type=\"widget\" data-e-type=\"widget\" data-widget_type=\"heading.default\">\n\t\t\t\t<div class=\"elementor-widget-container\">\n\t\t\t\t\t<h2 class=\"elementor-heading-title elementor-size-large\">Erfolg<\/h2>\t\t\t\t<\/div>\n\t\t\t\t<\/div>\n\t\t\t\t\t<\/div>\n\t\t<\/div>\n\t\t\t\t\t<\/div>\n\t\t<\/section>\n\t\t\t\t<section class=\"elementor-section elementor-top-section elementor-element elementor-element-1ce212c elementor-section-boxed elementor-section-height-default elementor-section-height-default\" data-id=\"1ce212c\" data-element_type=\"section\" data-e-type=\"section\">\n\t\t\t\t\t\t<div class=\"elementor-container elementor-column-gap-default\">\n\t\t\t\t\t<div class=\"elementor-column elementor-col-33 elementor-top-column elementor-element elementor-element-0dd900c\" data-id=\"0dd900c\" data-element_type=\"column\" data-e-type=\"column\">\n\t\t\t<div class=\"elementor-widget-wrap elementor-element-populated\">\n\t\t\t\t\t\t<div class=\"elementor-element elementor-element-89f2a17 elementor-widget elementor-widget-image\" data-id=\"89f2a17\" data-element_type=\"widget\" data-e-type=\"widget\" data-widget_type=\"image.default\">\n\t\t\t\t<div class=\"elementor-widget-container\">\n\t\t\t\t\t\t\t\t\t\t\t\t\t\t\t<img fetchpriority=\"high\" decoding=\"async\" width=\"930\" height=\"620\" src=\"https:\/\/www.furkancat.com\/wp-content\/uploads\/2023\/03\/pexels-kaboompics-com-6357-1024x683.jpg\" class=\"attachment-large size-large wp-image-6251\" alt=\"\" srcset=\"https:\/\/www.furkancat.com\/wp-content\/uploads\/2023\/03\/pexels-kaboompics-com-6357-1024x683.jpg 1024w, https:\/\/www.furkancat.com\/wp-content\/uploads\/2023\/03\/pexels-kaboompics-com-6357-300x200.jpg 300w, https:\/\/www.furkancat.com\/wp-content\/uploads\/2023\/03\/pexels-kaboompics-com-6357-768x512.jpg 768w, https:\/\/www.furkancat.com\/wp-content\/uploads\/2023\/03\/pexels-kaboompics-com-6357-1536x1024.jpg 1536w, https:\/\/www.furkancat.com\/wp-content\/uploads\/2023\/03\/pexels-kaboompics-com-6357-2048x1365.jpg 2048w, https:\/\/www.furkancat.com\/wp-content\/uploads\/2023\/03\/pexels-kaboompics-com-6357-2000x1333.jpg 2000w, https:\/\/www.furkancat.com\/wp-content\/uploads\/2023\/03\/pexels-kaboompics-com-6357-1000x667.jpg 1000w, https:\/\/www.furkancat.com\/wp-content\/uploads\/2023\/03\/pexels-kaboompics-com-6357-1800x1200.jpg 1800w, https:\/\/www.furkancat.com\/wp-content\/uploads\/2023\/03\/pexels-kaboompics-com-6357-840x560.jpg 840w, https:\/\/www.furkancat.com\/wp-content\/uploads\/2023\/03\/pexels-kaboompics-com-6357-600x400.jpg 600w\" sizes=\"(max-width: 930px) 100vw, 930px\" \/>\t\t\t\t\t\t\t\t\t\t\t\t\t\t\t<\/div>\n\t\t\t\t<\/div>\n\t\t\t\t\t<\/div>\n\t\t<\/div>\n\t\t\t\t<div class=\"elementor-column elementor-col-33 elementor-top-column elementor-element elementor-element-6605675\" data-id=\"6605675\" data-element_type=\"column\" data-e-type=\"column\">\n\t\t\t<div class=\"elementor-widget-wrap elementor-element-populated\">\n\t\t\t\t\t\t<div class=\"elementor-element elementor-element-0adaf5d elementor-widget elementor-widget-image\" data-id=\"0adaf5d\" data-element_type=\"widget\" data-e-type=\"widget\" data-widget_type=\"image.default\">\n\t\t\t\t<div class=\"elementor-widget-container\">\n\t\t\t\t\t\t\t\t\t\t\t\t\t\t\t<img decoding=\"async\" width=\"930\" height=\"549\" src=\"https:\/\/www.furkancat.com\/wp-content\/uploads\/2023\/03\/pexels-startup-stock-photos-7103-1024x605.jpg\" class=\"attachment-large size-large wp-image-6249\" alt=\"\" srcset=\"https:\/\/www.furkancat.com\/wp-content\/uploads\/2023\/03\/pexels-startup-stock-photos-7103-1024x605.jpg 1024w, https:\/\/www.furkancat.com\/wp-content\/uploads\/2023\/03\/pexels-startup-stock-photos-7103-300x177.jpg 300w, https:\/\/www.furkancat.com\/wp-content\/uploads\/2023\/03\/pexels-startup-stock-photos-7103-768x454.jpg 768w, https:\/\/www.furkancat.com\/wp-content\/uploads\/2023\/03\/pexels-startup-stock-photos-7103-1536x908.jpg 1536w, https:\/\/www.furkancat.com\/wp-content\/uploads\/2023\/03\/pexels-startup-stock-photos-7103-2048x1211.jpg 2048w, https:\/\/www.furkancat.com\/wp-content\/uploads\/2023\/03\/pexels-startup-stock-photos-7103-2000x1182.jpg 2000w, https:\/\/www.furkancat.com\/wp-content\/uploads\/2023\/03\/pexels-startup-stock-photos-7103-1000x591.jpg 1000w, https:\/\/www.furkancat.com\/wp-content\/uploads\/2023\/03\/pexels-startup-stock-photos-7103-1800x1064.jpg 1800w, https:\/\/www.furkancat.com\/wp-content\/uploads\/2023\/03\/pexels-startup-stock-photos-7103-947x560.jpg 947w, https:\/\/www.furkancat.com\/wp-content\/uploads\/2023\/03\/pexels-startup-stock-photos-7103-600x355.jpg 600w\" sizes=\"(max-width: 930px) 100vw, 930px\" \/>\t\t\t\t\t\t\t\t\t\t\t\t\t\t\t<\/div>\n\t\t\t\t<\/div>\n\t\t\t\t\t<\/div>\n\t\t<\/div>\n\t\t\t\t<div class=\"elementor-column elementor-col-33 elementor-top-column elementor-element elementor-element-bbaf5d5\" data-id=\"bbaf5d5\" data-element_type=\"column\" data-e-type=\"column\">\n\t\t\t<div class=\"elementor-widget-wrap elementor-element-populated\">\n\t\t\t\t\t\t<div class=\"elementor-element elementor-element-782ff9b elementor-widget elementor-widget-image\" data-id=\"782ff9b\" data-element_type=\"widget\" data-e-type=\"widget\" data-widget_type=\"image.default\">\n\t\t\t\t<div class=\"elementor-widget-container\">\n\t\t\t\t\t\t\t\t\t\t\t\t\t\t\t<img decoding=\"async\" width=\"683\" height=\"1024\" src=\"https:\/\/www.furkancat.com\/wp-content\/uploads\/2023\/03\/pexels-andrea-piacquadio-3778212-683x1024.jpg\" class=\"attachment-large size-large wp-image-6250\" alt=\"\" srcset=\"https:\/\/www.furkancat.com\/wp-content\/uploads\/2023\/03\/pexels-andrea-piacquadio-3778212-683x1024.jpg 683w, https:\/\/www.furkancat.com\/wp-content\/uploads\/2023\/03\/pexels-andrea-piacquadio-3778212-200x300.jpg 200w, https:\/\/www.furkancat.com\/wp-content\/uploads\/2023\/03\/pexels-andrea-piacquadio-3778212-768x1152.jpg 768w, https:\/\/www.furkancat.com\/wp-content\/uploads\/2023\/03\/pexels-andrea-piacquadio-3778212-1024x1536.jpg 1024w, https:\/\/www.furkancat.com\/wp-content\/uploads\/2023\/03\/pexels-andrea-piacquadio-3778212-1365x2048.jpg 1365w, https:\/\/www.furkancat.com\/wp-content\/uploads\/2023\/03\/pexels-andrea-piacquadio-3778212-2000x3000.jpg 2000w, https:\/\/www.furkancat.com\/wp-content\/uploads\/2023\/03\/pexels-andrea-piacquadio-3778212-1000x1500.jpg 1000w, https:\/\/www.furkancat.com\/wp-content\/uploads\/2023\/03\/pexels-andrea-piacquadio-3778212-1800x2700.jpg 1800w, https:\/\/www.furkancat.com\/wp-content\/uploads\/2023\/03\/pexels-andrea-piacquadio-3778212-373x560.jpg 373w, https:\/\/www.furkancat.com\/wp-content\/uploads\/2023\/03\/pexels-andrea-piacquadio-3778212-600x900.jpg 600w, https:\/\/www.furkancat.com\/wp-content\/uploads\/2023\/03\/pexels-andrea-piacquadio-3778212-scaled.jpg 1707w\" sizes=\"(max-width: 683px) 100vw, 683px\" \/>\t\t\t\t\t\t\t\t\t\t\t\t\t\t\t<\/div>\n\t\t\t\t<\/div>\n\t\t\t\t\t<\/div>\n\t\t<\/div>\n\t\t\t\t\t<\/div>\n\t\t<\/section>\n\t\t\t\t<\/div>\n\t\t","protected":false},"excerpt":{"rendered":"<p>Als erfahrener Karrierecoach wei\u00df ich, wie wichtig es ist, sich bei Bewerbungen im bestm\u00f6glichen Licht zu pr\u00e4sentieren. Deshalb arbeite ich mit meinen Kunden zusammen, um \u00fcberzeugende und aussagekr\u00e4ftige Bewerbungsunterlagen zu erstellen, die bei potenziellen Arbeitgebern gut ankommen. Vom Lebenslauf bis zum Anschreiben helfe ich meinen Kunden, individuelle und aussagekr\u00e4ftige Bewerbungsunterlagen zu erstellen, die ihre einzigartigen F\u00e4higkeiten und Erfahrungen hervorheben. Mit meiner Hilfe k\u00f6nnen Sie Ihre St\u00e4rken und Leistungen so pr\u00e4sentieren, dass sie die Aufmerksamkeit von [&hellip;]<\/p>\n","protected":false},"author":1,"featured_media":0,"parent":7079,"menu_order":0,"comment_status":"closed","ping_status":"closed","template":"","meta":{"inspiro_page_layout":"narrow","inspiro_hide_title":false,"footnotes":""},"class_list":["post-7077","page","type-page","status-publish","hentry"],"_links":{"self":[{"href":"https:\/\/www.furkancat.com\/de\/wp-json\/wp\/v2\/pages\/7077","targetHints":{"allow":["GET"]}}],"collection":[{"href":"https:\/\/www.furkancat.com\/de\/wp-json\/wp\/v2\/pages"}],"about":[{"href":"https:\/\/www.furkancat.com\/de\/wp-json\/wp\/v2\/types\/page"}],"author":[{"embeddable":true,"href":"https:\/\/www.furkancat.com\/de\/wp-json\/wp\/v2\/users\/1"}],"replies":[{"embeddable":true,"href":"https:\/\/www.furkancat.com\/de\/wp-json\/wp\/v2\/comments?post=7077"}],"version-history":[{"count":4,"href":"https:\/\/www.furkancat.com\/de\/wp-json\/wp\/v2\/pages\/7077\/revisions"}],"predecessor-version":[{"id":7461,"href":"https:\/\/www.furkancat.com\/de\/wp-json\/wp\/v2\/pages\/7077\/revisions\/7461"}],"up":[{"embeddable":true,"href":"https:\/\/www.furkancat.com\/de\/wp-json\/wp\/v2\/pages\/7079"}],"wp:attachment":[{"href":"https:\/\/www.furkancat.com\/de\/wp-json\/wp\/v2\/media?parent=7077"}],"curies":[{"name":"wp","href":"https:\/\/api.w.org\/{rel}","templated":true}]}}