{"id":7057,"date":"2015-01-14T11:47:07","date_gmt":"2015-01-14T15:47:07","guid":{"rendered":"https:\/\/www.furkancat.com\/systemische-beratung\/"},"modified":"2023-09-03T13:24:18","modified_gmt":"2023-09-03T17:24:18","slug":"systemische-beratung","status":"publish","type":"page","link":"https:\/\/www.furkancat.com\/de\/dienstleistungen\/systemische-beratung\/","title":{"rendered":"Systemische Beratung"},"content":{"rendered":"<p>Die Familie ist f\u00fcr jeden Menschen ein wichtiger Ort, an dem er grundlegende Verhaltensregeln und Kommunikationsmuster erlernt und seine Pers\u00f6nlichkeit entwickelt. Bei Abgrenzungsschwierigkeiten, Macht, Zwang, Gef\u00fchlsschwankungen, Verantwortung, Autonomie, Selbstwirksamkeit oder der eigenen Rolle in der Familie kann die systemische Beratung den Blick auf individuelle Perspektiven erweitern.<\/p>\n<p>Je nach Ihren Bed\u00fcrfnissen leite ich Sie an, Ihre eigene L\u00f6sung f\u00fcr Ihr individuelles Anliegen zu finden. Durch ressourcen- und l\u00f6sungsorientierte Beratung gewinnen Sie Selbstvertrauen. Ihre Gedanken werden neu geordnet und Sie bekommen einen klaren Blick auf Ihre Handlungsfelder.<\/p>\n<p>Ich habe bisher zahlreiche Menschen auf ihrem pers\u00f6nlichen Lebensweg begleitet und sie darin best\u00e4rkt, auf ihre Ressourcen zuzugreifen, eine klare Haltung einzunehmen und wieder aufzubl\u00fchen.<\/p>\n\n\n<figure class=\"wp-block-image size-large\"><img fetchpriority=\"high\" decoding=\"async\" width=\"1024\" height=\"683\" src=\"https:\/\/www.furkancat.com\/wp-content\/uploads\/2023\/03\/iStock-1207928336-1024x683.jpg\" alt=\"\" class=\"wp-image-6233\" srcset=\"https:\/\/www.furkancat.com\/wp-content\/uploads\/2023\/03\/iStock-1207928336-1024x683.jpg 1024w, https:\/\/www.furkancat.com\/wp-content\/uploads\/2023\/03\/iStock-1207928336-300x200.jpg 300w, https:\/\/www.furkancat.com\/wp-content\/uploads\/2023\/03\/iStock-1207928336-768x512.jpg 768w, https:\/\/www.furkancat.com\/wp-content\/uploads\/2023\/03\/iStock-1207928336-1000x667.jpg 1000w, https:\/\/www.furkancat.com\/wp-content\/uploads\/2023\/03\/iStock-1207928336-840x560.jpg 840w, https:\/\/www.furkancat.com\/wp-content\/uploads\/2023\/03\/iStock-1207928336-600x400.jpg 600w, https:\/\/www.furkancat.com\/wp-content\/uploads\/2023\/03\/iStock-1207928336.jpg 1254w\" sizes=\"(max-width: 1024px) 100vw, 1024px\" \/><\/figure>\n","protected":false},"excerpt":{"rendered":"<p>Die Familie ist f\u00fcr jeden Menschen ein wichtiger Ort, an dem er grundlegende Verhaltensregeln und Kommunikationsmuster erlernt und seine Pers\u00f6nlichkeit entwickelt. Bei Abgrenzungsschwierigkeiten, Macht, Zwang, Gef\u00fchlsschwankungen, Verantwortung, Autonomie, Selbstwirksamkeit oder der eigenen Rolle in der Familie kann die systemische Beratung den Blick auf individuelle Perspektiven erweitern. Je nach Ihren Bed\u00fcrfnissen leite ich Sie an, Ihre eigene L\u00f6sung f\u00fcr Ihr individuelles Anliegen zu finden. Durch ressourcen- und l\u00f6sungsorientierte Beratung gewinnen Sie Selbstvertrauen. Ihre Gedanken werden neu [&hellip;]<\/p>\n","protected":false},"author":1,"featured_media":0,"parent":7079,"menu_order":0,"comment_status":"closed","ping_status":"closed","template":"","meta":{"inspiro_page_layout":"narrow","inspiro_hide_title":false,"footnotes":""},"class_list":["post-7057","page","type-page","status-publish","hentry"],"_links":{"self":[{"href":"https:\/\/www.furkancat.com\/de\/wp-json\/wp\/v2\/pages\/7057","targetHints":{"allow":["GET"]}}],"collection":[{"href":"https:\/\/www.furkancat.com\/de\/wp-json\/wp\/v2\/pages"}],"about":[{"href":"https:\/\/www.furkancat.com\/de\/wp-json\/wp\/v2\/types\/page"}],"author":[{"embeddable":true,"href":"https:\/\/www.furkancat.com\/de\/wp-json\/wp\/v2\/users\/1"}],"replies":[{"embeddable":true,"href":"https:\/\/www.furkancat.com\/de\/wp-json\/wp\/v2\/comments?post=7057"}],"version-history":[{"count":2,"href":"https:\/\/www.furkancat.com\/de\/wp-json\/wp\/v2\/pages\/7057\/revisions"}],"predecessor-version":[{"id":7064,"href":"https:\/\/www.furkancat.com\/de\/wp-json\/wp\/v2\/pages\/7057\/revisions\/7064"}],"up":[{"embeddable":true,"href":"https:\/\/www.furkancat.com\/de\/wp-json\/wp\/v2\/pages\/7079"}],"wp:attachment":[{"href":"https:\/\/www.furkancat.com\/de\/wp-json\/wp\/v2\/media?parent=7057"}],"curies":[{"name":"wp","href":"https:\/\/api.w.org\/{rel}","templated":true}]}}